{"id":6531,"date":"2020-04-08T10:45:40","date_gmt":"2020-04-08T13:45:40","guid":{"rendered":"https:\/\/celebritycoffee.com.br\/?post_type=product&#038;p=6531"},"modified":"2026-03-26T16:35:08","modified_gmt":"2026-03-26T19:35:08","slug":"classic-capsulas-graos-de-chocolate-com-cafe","status":"publish","type":"product","link":"https:\/\/celebritycoffee.com.br\/en\/product-2\/classic-capsulas-graos-de-chocolate-com-cafe\/","title":{"rendered":"Caf\u00e9 Especial em C\u00e1psulas 10 unidades <b>CLASSIC<\/b> + Gr\u00e3os de Caf\u00e9 com Chocolate 120g"},"content":{"rendered":"<div class=\"marg0\">\n<p><strong>CLASSIC<\/strong> \u00e9 um caf\u00e9 especial equilibrado, com notas de caramelo, chocolate e baunilha. Corpo e acidez equilibrada e sabor persistente.<\/p>\n<p><strong>Type: <\/strong>100% Arabica<strong><br \/>\nRoast:\u00a0<\/strong>Average<strong><br \/>\nAcidity:\u00a0<\/strong>Balanced<strong><br \/>\nProcess:\u00a0<\/strong>Peeled and natural cherry<strong><br \/>\nRegion:\u00a0<\/strong>Amparo, region of the Circuito das \u00c1guas Paulista<strong><br \/>\nAltitude:\u00a0<\/strong>800 meters<\/p>\n<p>Capsule compatible with your Nespresso\u00ae machine.<br \/>\n*Contains 10 capsules of 5g<\/p>\n<p>\u2795<\/p>\n<div class=\"marg0\">\n<p style=\"font-weight: 400\"><strong>Gr\u00e3os de Caf\u00e9 Especial<\/strong> 100% Ar\u00e1bica, cuidadosamente selecionados, torrados e cobertos por uma deliciosa mistura de chocolate ao leite e amargo. O sabor natural do gr\u00e3o torrado harmoniza com a suavidade do chocolate resultando em uma combina\u00e7\u00e3o perfeita! Uma experi\u00eancia \u00fanica para os apaixonados por caf\u00e9 e chocolate.<\/p>\n<p>Two passions in one Celebrity Coffee product.<\/p>\n<\/div>\n<p><strong>Peso por unidade<\/strong>: 120g<\/p>\n<p>*Cont\u00e9m gl\u00faten, cont\u00e9m lactose. Al\u00e9rgicos: Cont\u00e9m derivados de leite e soja. Pode conter am\u00eandoa, amendoim, avel\u00e3, castanha de caju, castanha do Par\u00e1, nozes, pistache e derivados de trigo.<\/p>\n<\/div>\n<p>&nbsp;<\/p>","protected":false},"excerpt":{"rendered":"<p>CLASSIC \u00e9 um caf\u00e9 especial equilibrado, com notas de caramelo, chocolate e baunilha. Corpo e acidez equilibrada e sabor persistente. Tipo: 100% Ar\u00e1bica Torra:\u00a0M\u00e9dia Acidez:\u00a0Equilibrada Processo:\u00a0Cereja descascado e natural Regi\u00e3o:\u00a0Amparo, regi\u00e3o do Circuito das \u00c1guas Paulista Altitude:\u00a0800 metros C\u00e1psula compat\u00edvel com sua m\u00e1quina Nespresso\u00ae. *Cont\u00e9m 10 capsulas de 5g \u2795 Gr\u00e3os de Caf\u00e9 Especial 100% [&hellip;]<\/p>\n","protected":false},"featured_media":10332,"comment_status":"open","ping_status":"closed","template":"","meta":{"_acf_changed":false},"product_brand":[],"product_cat":[61,51,54,38],"product_tag":[],"class_list":{"0":"post-6531","1":"product","2":"type-product","3":"status-publish","4":"has-post-thumbnail","6":"product_cat-cafe-em-capsula","7":"product_cat-combo-en","8":"product_cat-kits-en","9":"product_cat-presentes","11":"first","12":"instock","13":"taxable","14":"shipping-taxable","15":"purchasable","16":"product-type-simple"},"acf":[],"_links":{"self":[{"href":"https:\/\/celebritycoffee.com.br\/en\/wp-json\/wp\/v2\/product\/6531","targetHints":{"allow":["GET"]}}],"collection":[{"href":"https:\/\/celebritycoffee.com.br\/en\/wp-json\/wp\/v2\/product"}],"about":[{"href":"https:\/\/celebritycoffee.com.br\/en\/wp-json\/wp\/v2\/types\/product"}],"replies":[{"embeddable":true,"href":"https:\/\/celebritycoffee.com.br\/en\/wp-json\/wp\/v2\/comments?post=6531"}],"wp:featuredmedia":[{"embeddable":true,"href":"https:\/\/celebritycoffee.com.br\/en\/wp-json\/wp\/v2\/media\/10332"}],"wp:attachment":[{"href":"https:\/\/celebritycoffee.com.br\/en\/wp-json\/wp\/v2\/media?parent=6531"}],"wp:term":[{"taxonomy":"product_brand","embeddable":true,"href":"https:\/\/celebritycoffee.com.br\/en\/wp-json\/wp\/v2\/product_brand?post=6531"},{"taxonomy":"product_cat","embeddable":true,"href":"https:\/\/celebritycoffee.com.br\/en\/wp-json\/wp\/v2\/product_cat?post=6531"},{"taxonomy":"product_tag","embeddable":true,"href":"https:\/\/celebritycoffee.com.br\/en\/wp-json\/wp\/v2\/product_tag?post=6531"}],"curies":[{"name":"wp","href":"https:\/\/api.w.org\/{rel}","templated":true}]}}