{"id":5967,"date":"2020-03-12T16:51:23","date_gmt":"2020-03-12T19:51:23","guid":{"rendered":"https:\/\/celebritycoffee.com.br\/?post_type=product&#038;p=5967"},"modified":"2026-03-26T09:46:53","modified_gmt":"2026-03-26T12:46:53","slug":"graos-de-cafe-com-chocolate","status":"publish","type":"product","link":"https:\/\/celebritycoffee.com.br\/en\/product-2\/graos-de-cafe-com-chocolate\/","title":{"rendered":"Gr\u00e3os de Caf\u00e9 com Chocolate 120g"},"content":{"rendered":"<div class=\"marg0\">\n<p style=\"font-weight: 400\"><strong>Gr\u00e3os de Caf\u00e9 Especial<\/strong> 100% Ar\u00e1bica, cuidadosamente selecionados, torrados e cobertos por uma deliciosa mistura de chocolate ao leite e amargo. O sabor natural do gr\u00e3o torrado harmoniza com a suavidade do chocolate resultando em uma combina\u00e7\u00e3o perfeita!<\/p>\n<p style=\"font-weight: 400\">A unique experience for coffee and chocolate lovers.<\/p>\n<p>Two passions in one Celebrity Coffee product.<\/p>\n<\/div>\n<p><strong>Peso por unidade<\/strong>: 120g<\/p>\n<p>&nbsp;<\/p>\n<p>*Cont\u00e9m gl\u00faten, cont\u00e9m lactose. Al\u00e9rgicos: Cont\u00e9m derivados de leite e soja. Pode conter am\u00eandoa, amendoim, avel\u00e3, castanha de caju, castanha do Par\u00e1, nozes, pistache e derivados de trigo.<\/p>\n<p>&nbsp;<\/p>\n<p>&nbsp;<\/p>\n<p>&nbsp;<\/p>","protected":false},"excerpt":{"rendered":"<p>Gr\u00e3os de Caf\u00e9 Especial 100% Ar\u00e1bica, cuidadosamente selecionados, torrados e cobertos por uma deliciosa mistura de chocolate ao leite e amargo. O sabor natural do gr\u00e3o torrado harmoniza com a suavidade do chocolate resultando em uma combina\u00e7\u00e3o perfeita! Uma experi\u00eancia \u00fanica para os apaixonados por caf\u00e9 e chocolate. Duas paix\u00f5es em um s\u00f3 produto Celebrity [&hellip;]<\/p>\n","protected":false},"featured_media":10335,"comment_status":"open","ping_status":"closed","template":"","meta":{"_acf_changed":false},"product_brand":[],"product_cat":[57,38],"product_tag":[],"class_list":{"0":"post-5967","1":"product","2":"type-product","3":"status-publish","4":"has-post-thumbnail","6":"product_cat-cafes","7":"product_cat-presentes","9":"first","10":"instock","11":"taxable","12":"shipping-taxable","13":"purchasable","14":"product-type-simple"},"acf":[],"_links":{"self":[{"href":"https:\/\/celebritycoffee.com.br\/en\/wp-json\/wp\/v2\/product\/5967","targetHints":{"allow":["GET"]}}],"collection":[{"href":"https:\/\/celebritycoffee.com.br\/en\/wp-json\/wp\/v2\/product"}],"about":[{"href":"https:\/\/celebritycoffee.com.br\/en\/wp-json\/wp\/v2\/types\/product"}],"replies":[{"embeddable":true,"href":"https:\/\/celebritycoffee.com.br\/en\/wp-json\/wp\/v2\/comments?post=5967"}],"wp:featuredmedia":[{"embeddable":true,"href":"https:\/\/celebritycoffee.com.br\/en\/wp-json\/wp\/v2\/media\/10335"}],"wp:attachment":[{"href":"https:\/\/celebritycoffee.com.br\/en\/wp-json\/wp\/v2\/media?parent=5967"}],"wp:term":[{"taxonomy":"product_brand","embeddable":true,"href":"https:\/\/celebritycoffee.com.br\/en\/wp-json\/wp\/v2\/product_brand?post=5967"},{"taxonomy":"product_cat","embeddable":true,"href":"https:\/\/celebritycoffee.com.br\/en\/wp-json\/wp\/v2\/product_cat?post=5967"},{"taxonomy":"product_tag","embeddable":true,"href":"https:\/\/celebritycoffee.com.br\/en\/wp-json\/wp\/v2\/product_tag?post=5967"}],"curies":[{"name":"wp","href":"https:\/\/api.w.org\/{rel}","templated":true}]}}