{"id":5745,"date":"2020-03-06T11:17:46","date_gmt":"2020-03-06T14:17:46","guid":{"rendered":"https:\/\/celebritycoffee.com.br\/?post_type=product&#038;p=5745"},"modified":"2026-04-06T13:02:59","modified_gmt":"2026-04-06T16:02:59","slug":"cafe-torrado-e-moido-250g-cafe-em-capsulas10-unidades-intense","status":"publish","type":"product","link":"https:\/\/celebritycoffee.com.br\/en\/product-2\/cafe-torrado-e-moido-250g-cafe-em-capsulas10-unidades-intense\/","title":{"rendered":"Caf\u00e9 Especial Torrado e Mo\u00eddo 250g + Caf\u00e9 Especial em c\u00e1psulas 10 unidades | <b>Intense<\/b>"},"content":{"rendered":"<div class=\"marg0\">\n<p><strong>INTENSE<\/strong> \u00e9 um caf\u00e9 especial encorpado de torra m\u00e9dia escura e apresenta notas de caramelo, chocolate e baunilha. Corpo e acidez equilibrada.<\/p>\n<p><strong>Tipo<\/strong>: 100% Ar\u00e1bica<br \/>\n<strong>Torra<\/strong>: M\u00e9dia Escura<br \/>\n<strong>Acidez<\/strong>: Equilibrada<br \/>\n<strong>Processo<\/strong>: Cereja descascado e natural<br \/>\n<strong>Regi\u00e3o<\/strong>: Amparo, regi\u00e3o do Circuito das \u00c1guas Paulista<br \/>\n<strong>Altitude<\/strong>:\u00a0800 metros<\/p>\n<p>Capsule compatible with your Nespresso\u00ae machine.<br \/>\n*Contains 10 capsules of 5g<\/p>\n<\/div>","protected":false},"excerpt":{"rendered":"<p>INTENSE \u00e9 um caf\u00e9 especial encorpado de torra m\u00e9dia escura e apresenta notas de caramelo, chocolate e baunilha. Corpo e acidez equilibrada. Tipo: 100% Ar\u00e1bica Torra: M\u00e9dia Escura Acidez: Equilibrada Processo: Cereja descascado e natural Regi\u00e3o: Amparo, regi\u00e3o do Circuito das \u00c1guas Paulista Altitude:\u00a0800 metros C\u00e1psula compat\u00edvel com sua m\u00e1quina Nespresso\u00ae. *Cont\u00e9m 10 capsulas de [&hellip;]<\/p>\n","protected":false},"featured_media":10227,"comment_status":"open","ping_status":"closed","template":"","meta":{"_acf_changed":false},"product_brand":[],"product_cat":[61,58,57,51,18,19,54,38],"product_tag":[],"class_list":{"0":"post-5745","1":"product","2":"type-product","3":"status-publish","4":"has-post-thumbnail","6":"product_cat-cafe-em-capsula","7":"product_cat-cafe-moido","8":"product_cat-cafes","9":"product_cat-combo-en","10":"product_cat-combo","11":"product_cat-kits","12":"product_cat-kits-en","13":"product_cat-presentes","15":"first","16":"instock","17":"taxable","18":"shipping-taxable","19":"purchasable","20":"product-type-simple"},"acf":[],"_links":{"self":[{"href":"https:\/\/celebritycoffee.com.br\/en\/wp-json\/wp\/v2\/product\/5745","targetHints":{"allow":["GET"]}}],"collection":[{"href":"https:\/\/celebritycoffee.com.br\/en\/wp-json\/wp\/v2\/product"}],"about":[{"href":"https:\/\/celebritycoffee.com.br\/en\/wp-json\/wp\/v2\/types\/product"}],"replies":[{"embeddable":true,"href":"https:\/\/celebritycoffee.com.br\/en\/wp-json\/wp\/v2\/comments?post=5745"}],"wp:featuredmedia":[{"embeddable":true,"href":"https:\/\/celebritycoffee.com.br\/en\/wp-json\/wp\/v2\/media\/10227"}],"wp:attachment":[{"href":"https:\/\/celebritycoffee.com.br\/en\/wp-json\/wp\/v2\/media?parent=5745"}],"wp:term":[{"taxonomy":"product_brand","embeddable":true,"href":"https:\/\/celebritycoffee.com.br\/en\/wp-json\/wp\/v2\/product_brand?post=5745"},{"taxonomy":"product_cat","embeddable":true,"href":"https:\/\/celebritycoffee.com.br\/en\/wp-json\/wp\/v2\/product_cat?post=5745"},{"taxonomy":"product_tag","embeddable":true,"href":"https:\/\/celebritycoffee.com.br\/en\/wp-json\/wp\/v2\/product_tag?post=5745"}],"curies":[{"name":"wp","href":"https:\/\/api.w.org\/{rel}","templated":true}]}}