{"id":5743,"date":"2020-03-06T11:11:01","date_gmt":"2020-03-06T14:11:01","guid":{"rendered":"https:\/\/celebritycoffee.com.br\/?post_type=product&#038;p=5743"},"modified":"2026-03-26T14:07:57","modified_gmt":"2026-03-26T17:07:57","slug":"cafe-torrado-em-graos1kg-classic-cafe-torrado-em-graos1kg-decaffeinated","status":"publish","type":"product","link":"https:\/\/celebritycoffee.com.br\/en\/product-2\/cafe-torrado-em-graos1kg-classic-cafe-torrado-em-graos1kg-decaffeinated\/","title":{"rendered":"Caf\u00e9 Especial Torrado em Gr\u00e3os 1kg | <b>DECAFFEINATED<\/b> + Caf\u00e9 Especial Torrado em Gr\u00e3os 1kg | <b>CLASSIC<\/b>"},"content":{"rendered":"<div class=\"marg0\">\n<p><strong>DECAFFEINATED<\/strong> \u00e9 um caf\u00e9 especial encorpado, de baixa acidez. Processo de descafeina\u00e7\u00e3o pelo m\u00e9todo Mountain Water a base de \u00e1gua e livre de elementos qu\u00edmicos.<\/p>\n<p><strong>Type:<\/strong>\u00a0100% Arabica | <strong>Roast:<\/strong>\u00a0Average | <strong>Acidity:<\/strong>\u00a0Balanced | <strong>Process:<\/strong> Peeled and natural cherry |\u00a0<strong>Altitude:\u00a0<\/strong>860m<\/p>\n<p>&nbsp;<\/p>\n<\/div>\n<p><strong>CLASSIC<\/strong> \u00e9 um caf\u00e9 especial equilibrado, com notas de caramelo, chocolate e baunilha. Corpo e acidez equilibrada e sabor persistente.<\/p>\n<p><strong>Type:<\/strong>\u00a0100% Arabica | <strong>Roast:<\/strong>\u00a0Average | <strong>Acidity:<\/strong>\u00a0Balanced | <strong>Process:<\/strong>\u00a0Peeled and natural cherry | <strong>Region:<\/strong>\u00a0Amparo, region of the Circuito das \u00c1guas Paulista |<strong>Altitude:<\/strong>\u00a0800 meters<\/p>\n<p>&nbsp;<\/p>","protected":false},"excerpt":{"rendered":"<p>DECAFFEINATED \u00e9 um caf\u00e9 especial encorpado, de baixa acidez. Processo de descafeina\u00e7\u00e3o pelo m\u00e9todo Mountain Water a base de \u00e1gua e livre de elementos qu\u00edmicos. Tipo:\u00a0100% Ar\u00e1bica | Torra:\u00a0M\u00e9dia | Acidez:\u00a0Equilibrada | Processo: Cereja descascado e natural |\u00a0Altitude:\u00a0860m &nbsp; CLASSIC \u00e9 um caf\u00e9 especial equilibrado, com notas de caramelo, chocolate e baunilha. Corpo e acidez [&hellip;]<\/p>\n","protected":false},"featured_media":9682,"comment_status":"open","ping_status":"closed","template":"","meta":{"_acf_changed":false},"product_brand":[],"product_cat":[62,59,17,57,51,18,54,19],"product_tag":[],"class_list":{"0":"post-5743","1":"product","2":"type-product","3":"status-publish","4":"has-post-thumbnail","6":"product_cat-cafe-descafeinado","7":"product_cat-cafe-em-graos","8":"product_cat-cafe-torrado","9":"product_cat-cafes","10":"product_cat-combo-en","11":"product_cat-combo","12":"product_cat-kits-en","13":"product_cat-kits","15":"first","16":"instock","17":"taxable","18":"shipping-taxable","19":"purchasable","20":"product-type-simple"},"acf":[],"_links":{"self":[{"href":"https:\/\/celebritycoffee.com.br\/en\/wp-json\/wp\/v2\/product\/5743","targetHints":{"allow":["GET"]}}],"collection":[{"href":"https:\/\/celebritycoffee.com.br\/en\/wp-json\/wp\/v2\/product"}],"about":[{"href":"https:\/\/celebritycoffee.com.br\/en\/wp-json\/wp\/v2\/types\/product"}],"replies":[{"embeddable":true,"href":"https:\/\/celebritycoffee.com.br\/en\/wp-json\/wp\/v2\/comments?post=5743"}],"wp:featuredmedia":[{"embeddable":true,"href":"https:\/\/celebritycoffee.com.br\/en\/wp-json\/wp\/v2\/media\/9682"}],"wp:attachment":[{"href":"https:\/\/celebritycoffee.com.br\/en\/wp-json\/wp\/v2\/media?parent=5743"}],"wp:term":[{"taxonomy":"product_brand","embeddable":true,"href":"https:\/\/celebritycoffee.com.br\/en\/wp-json\/wp\/v2\/product_brand?post=5743"},{"taxonomy":"product_cat","embeddable":true,"href":"https:\/\/celebritycoffee.com.br\/en\/wp-json\/wp\/v2\/product_cat?post=5743"},{"taxonomy":"product_tag","embeddable":true,"href":"https:\/\/celebritycoffee.com.br\/en\/wp-json\/wp\/v2\/product_tag?post=5743"}],"curies":[{"name":"wp","href":"https:\/\/api.w.org\/{rel}","templated":true}]}}