{"id":5739,"date":"2020-03-06T10:55:56","date_gmt":"2020-03-06T13:55:56","guid":{"rendered":"https:\/\/celebritycoffee.com.br\/?post_type=product&#038;p=5739"},"modified":"2026-03-25T16:32:54","modified_gmt":"2026-03-25T19:32:54","slug":"cafe-torrado-em-graos1kg-cafe-em-capsulas-10-unidades-decaffeinated","status":"publish","type":"product","link":"https:\/\/celebritycoffee.com.br\/en\/product-2\/cafe-torrado-em-graos1kg-cafe-em-capsulas-10-unidades-decaffeinated\/","title":{"rendered":"Caf\u00e9 Especial Torrado em Gr\u00e3os 1kg + Caf\u00e9 Especial em C\u00e1psulas 10 unidades | <b>DECAFFEINATED<\/b>"},"content":{"rendered":"<div class=\"marg0\">\n<p><strong>DECAFFEINATED<\/strong> \u00e9 um caf\u00e9 encorpado, de baixa acidez. Processo de descafeina\u00e7\u00e3o pelo m\u00e9todo Mountain Water a base de \u00e1gua e livre de elementos qu\u00edmicos.<\/p>\n<\/div>\n<p class=\"_aupe copyable-text x15bjb6t x1n2onr6\"><strong>Tipo<\/strong>: 100% Ar\u00e1bica<br \/>\n<strong>Torra<\/strong>: M\u00e9dia<br \/>\n<strong>Acidez<\/strong>: Equilibrada<br \/>\n<strong>Processo<\/strong>:\u00a0Cereja descascado e natural<br \/>\n<strong>Altitude<\/strong>:\u00a0860m<\/p>\n<div class=\"marg0\">\n<p>Capsule compatible with your Nespresso\u00ae machine.<br \/>\n*Contains 10 capsules of 5g<\/p>\n<\/div>","protected":false},"excerpt":{"rendered":"<p>DECAFFEINATED \u00e9 um caf\u00e9 encorpado, de baixa acidez. Processo de descafeina\u00e7\u00e3o pelo m\u00e9todo Mountain Water a base de \u00e1gua e livre de elementos qu\u00edmicos. Tipo: 100% Ar\u00e1bica Torra: M\u00e9dia Acidez: Equilibrada Processo:\u00a0Cereja descascado e natural Altitude:\u00a0860m C\u00e1psula compat\u00edvel com sua m\u00e1quina Nespresso\u00ae. *Cont\u00e9m 10 capsulas de 5g<\/p>","protected":false},"featured_media":10204,"comment_status":"open","ping_status":"closed","template":"","meta":{"_acf_changed":false},"product_brand":[],"product_cat":[62,61,59,57,51,54],"product_tag":[],"class_list":{"0":"post-5739","1":"product","2":"type-product","3":"status-publish","4":"has-post-thumbnail","6":"product_cat-cafe-descafeinado","7":"product_cat-cafe-em-capsula","8":"product_cat-cafe-em-graos","9":"product_cat-cafes","10":"product_cat-combo-en","11":"product_cat-kits-en","13":"first","14":"instock","15":"taxable","16":"shipping-taxable","17":"purchasable","18":"product-type-simple"},"acf":[],"_links":{"self":[{"href":"https:\/\/celebritycoffee.com.br\/en\/wp-json\/wp\/v2\/product\/5739","targetHints":{"allow":["GET"]}}],"collection":[{"href":"https:\/\/celebritycoffee.com.br\/en\/wp-json\/wp\/v2\/product"}],"about":[{"href":"https:\/\/celebritycoffee.com.br\/en\/wp-json\/wp\/v2\/types\/product"}],"replies":[{"embeddable":true,"href":"https:\/\/celebritycoffee.com.br\/en\/wp-json\/wp\/v2\/comments?post=5739"}],"wp:featuredmedia":[{"embeddable":true,"href":"https:\/\/celebritycoffee.com.br\/en\/wp-json\/wp\/v2\/media\/10204"}],"wp:attachment":[{"href":"https:\/\/celebritycoffee.com.br\/en\/wp-json\/wp\/v2\/media?parent=5739"}],"wp:term":[{"taxonomy":"product_brand","embeddable":true,"href":"https:\/\/celebritycoffee.com.br\/en\/wp-json\/wp\/v2\/product_brand?post=5739"},{"taxonomy":"product_cat","embeddable":true,"href":"https:\/\/celebritycoffee.com.br\/en\/wp-json\/wp\/v2\/product_cat?post=5739"},{"taxonomy":"product_tag","embeddable":true,"href":"https:\/\/celebritycoffee.com.br\/en\/wp-json\/wp\/v2\/product_tag?post=5739"}],"curies":[{"name":"wp","href":"https:\/\/api.w.org\/{rel}","templated":true}]}}