{"id":5721,"date":"2020-03-06T10:25:53","date_gmt":"2020-03-06T13:25:53","guid":{"rendered":"https:\/\/celebritycoffee.com.br\/?post_type=product&#038;p=5721"},"modified":"2026-03-26T08:06:55","modified_gmt":"2026-03-26T11:06:55","slug":"cafe-torrado-em-graos-250g-cafe-torrado-e-moido-250g-cafe-em-capsulas-10-unidades-classic","status":"publish","type":"product","link":"https:\/\/celebritycoffee.com.br\/en\/product-2\/cafe-torrado-em-graos-250g-cafe-torrado-e-moido-250g-cafe-em-capsulas-10-unidades-classic\/","title":{"rendered":"Caf\u00e9 Torrado em Gr\u00e3os 250g + Caf\u00e9 Torrado e Mo\u00eddo 250g + Caf\u00e9 em C\u00e1psulas 10 unidades | <b>CLASSIC<\/b>"},"content":{"rendered":"<div class=\"marg0\">\n<p><strong>CLASSIC<\/strong> \u00e9 um caf\u00e9 especial equilibrado, com notas de caramelo, chocolate e baunilha. Corpo e acidez equilibrada e sabor persistente.<\/p>\n<p><strong>Tipo<\/strong>: 100% Ar\u00e1bica<br \/>\n<strong>Torra<\/strong>: M\u00e9dia<br \/>\n<strong>Acidez<\/strong>: Equilibrada<br \/>\n<strong>Processo<\/strong>: Cereja descascado e natural<br \/>\n<strong>Regi\u00e3o<\/strong>: Amparo, regi\u00e3o do Circuito das \u00c1guas Paulista<br \/>\n<strong>Altitude<\/strong>:\u00a0800 metros<\/p>\n<p>Capsule compatible with your Nespresso\u00ae machine.<br \/>\n*Contains 10 capsules of 5g<\/p>\n<\/div>","protected":false},"excerpt":{"rendered":"<p>CLASSIC \u00e9 um caf\u00e9 especial equilibrado, com notas de caramelo, chocolate e baunilha. Corpo e acidez equilibrada e sabor persistente. Tipo: 100% Ar\u00e1bica Torra: M\u00e9dia Acidez: Equilibrada Processo: Cereja descascado e natural Regi\u00e3o: Amparo, regi\u00e3o do Circuito das \u00c1guas Paulista Altitude:\u00a0800 metros C\u00e1psula compat\u00edvel com sua m\u00e1quina Nespresso\u00ae. *Cont\u00e9m 10 capsulas de 5g<\/p>","protected":false},"featured_media":10324,"comment_status":"open","ping_status":"closed","template":"","meta":{"_acf_changed":false},"product_brand":[],"product_cat":[61,59,58,57,51,54,38],"product_tag":[],"class_list":{"0":"post-5721","1":"product","2":"type-product","3":"status-publish","4":"has-post-thumbnail","6":"product_cat-cafe-em-capsula","7":"product_cat-cafe-em-graos","8":"product_cat-cafe-moido","9":"product_cat-cafes","10":"product_cat-combo-en","11":"product_cat-kits-en","12":"product_cat-presentes","14":"first","15":"instock","16":"taxable","17":"shipping-taxable","18":"purchasable","19":"product-type-simple"},"acf":[],"_links":{"self":[{"href":"https:\/\/celebritycoffee.com.br\/en\/wp-json\/wp\/v2\/product\/5721","targetHints":{"allow":["GET"]}}],"collection":[{"href":"https:\/\/celebritycoffee.com.br\/en\/wp-json\/wp\/v2\/product"}],"about":[{"href":"https:\/\/celebritycoffee.com.br\/en\/wp-json\/wp\/v2\/types\/product"}],"replies":[{"embeddable":true,"href":"https:\/\/celebritycoffee.com.br\/en\/wp-json\/wp\/v2\/comments?post=5721"}],"wp:featuredmedia":[{"embeddable":true,"href":"https:\/\/celebritycoffee.com.br\/en\/wp-json\/wp\/v2\/media\/10324"}],"wp:attachment":[{"href":"https:\/\/celebritycoffee.com.br\/en\/wp-json\/wp\/v2\/media?parent=5721"}],"wp:term":[{"taxonomy":"product_brand","embeddable":true,"href":"https:\/\/celebritycoffee.com.br\/en\/wp-json\/wp\/v2\/product_brand?post=5721"},{"taxonomy":"product_cat","embeddable":true,"href":"https:\/\/celebritycoffee.com.br\/en\/wp-json\/wp\/v2\/product_cat?post=5721"},{"taxonomy":"product_tag","embeddable":true,"href":"https:\/\/celebritycoffee.com.br\/en\/wp-json\/wp\/v2\/product_tag?post=5721"}],"curies":[{"name":"wp","href":"https:\/\/api.w.org\/{rel}","templated":true}]}}