{"id":5706,"date":"2020-03-06T09:26:23","date_gmt":"2020-03-06T12:26:23","guid":{"rendered":"https:\/\/celebritycoffee.com.br\/?post_type=product&#038;p=5706"},"modified":"2026-03-24T14:54:17","modified_gmt":"2026-03-24T17:54:17","slug":"cafe-torrado-e-moido-250g-classic-cafe-torrado-e-moido-250g-intense","status":"publish","type":"product","link":"https:\/\/celebritycoffee.com.br\/en\/product-2\/cafe-torrado-e-moido-250g-classic-cafe-torrado-e-moido-250g-intense\/","title":{"rendered":"Caf\u00e9 Especial Torrado e Mo\u00eddo 250g | <b>CLASSIC<\/b> + Caf\u00e9 Especial Torrado e Mo\u00eddo 250g | <b>INTENSE<\/b>"},"content":{"rendered":"<div class=\"marg0\">\n<p><strong>CLASSIC<\/strong> \u00e9 um caf\u00e9 especial equilibrado, com notas de caramelo, chocolate e baunilha. Corpo e acidez equilibrada e sabor persistente.<\/p>\n<p><strong>Type:<\/strong>\u00a0100% Arabica | <strong>Roast:<\/strong>\u00a0Average | <strong>Acidity:<\/strong>\u00a0Balanced | <strong>Process:<\/strong>\u00a0Peeled and natural cherry | <strong>Region:<\/strong>\u00a0Amparo, region of the Circuito das \u00c1guas Paulista |<strong>Altitude:<\/strong>\u00a0800 meters<\/p>\n<p><strong>INTENSE<\/strong> \u00e9 um caf\u00e9 especial encorpado de torra m\u00e9dia escura e apresenta notas de caramelo, chocolate e baunilha. Corpo e acidez equilibrada.<\/p>\n<p><strong>Type:<\/strong>\u00a0100% Arabica | <strong>Roast:<\/strong> M\u00e9dia Escura | <strong>Acidity:<\/strong>\u00a0Balanced | <strong>Process:<\/strong>\u00a0Peeled and natural cherry | <strong>Region:<\/strong>\u00a0Amparo, region of the Circuito das \u00c1guas Paulista | <strong>Altitude:<\/strong>\u00a0800 meters<\/p>\n<\/div>","protected":false},"excerpt":{"rendered":"<p>CLASSIC \u00e9 um caf\u00e9 especial equilibrado, com notas de caramelo, chocolate e baunilha. Corpo e acidez equilibrada e sabor persistente. Tipo:\u00a0100% Ar\u00e1bica | Torra:\u00a0M\u00e9dia\u00a0| Acidez:\u00a0Equilibrada | Processo:\u00a0Cereja descascado e natural\u00a0| Regi\u00e3o:\u00a0Amparo, regi\u00e3o do Circuito das \u00c1guas Paulista |Altitude:\u00a0800 metros INTENSE \u00e9 um caf\u00e9 especial encorpado de torra m\u00e9dia escura e apresenta notas de caramelo, chocolate [&hellip;]<\/p>\n","protected":false},"featured_media":9685,"comment_status":"open","ping_status":"closed","template":"","meta":{"_acf_changed":false},"product_brand":[],"product_cat":[57,18,19,38],"product_tag":[],"class_list":{"0":"post-5706","1":"product","2":"type-product","3":"status-publish","4":"has-post-thumbnail","6":"product_cat-cafes","7":"product_cat-combo","8":"product_cat-kits","9":"product_cat-presentes","11":"first","12":"instock","13":"taxable","14":"shipping-taxable","15":"purchasable","16":"product-type-simple"},"acf":[],"_links":{"self":[{"href":"https:\/\/celebritycoffee.com.br\/en\/wp-json\/wp\/v2\/product\/5706","targetHints":{"allow":["GET"]}}],"collection":[{"href":"https:\/\/celebritycoffee.com.br\/en\/wp-json\/wp\/v2\/product"}],"about":[{"href":"https:\/\/celebritycoffee.com.br\/en\/wp-json\/wp\/v2\/types\/product"}],"replies":[{"embeddable":true,"href":"https:\/\/celebritycoffee.com.br\/en\/wp-json\/wp\/v2\/comments?post=5706"}],"wp:featuredmedia":[{"embeddable":true,"href":"https:\/\/celebritycoffee.com.br\/en\/wp-json\/wp\/v2\/media\/9685"}],"wp:attachment":[{"href":"https:\/\/celebritycoffee.com.br\/en\/wp-json\/wp\/v2\/media?parent=5706"}],"wp:term":[{"taxonomy":"product_brand","embeddable":true,"href":"https:\/\/celebritycoffee.com.br\/en\/wp-json\/wp\/v2\/product_brand?post=5706"},{"taxonomy":"product_cat","embeddable":true,"href":"https:\/\/celebritycoffee.com.br\/en\/wp-json\/wp\/v2\/product_cat?post=5706"},{"taxonomy":"product_tag","embeddable":true,"href":"https:\/\/celebritycoffee.com.br\/en\/wp-json\/wp\/v2\/product_tag?post=5706"}],"curies":[{"name":"wp","href":"https:\/\/api.w.org\/{rel}","templated":true}]}}