{"id":4488,"date":"2020-02-19T00:09:13","date_gmt":"2020-02-19T03:09:13","guid":{"rendered":"http:\/\/celebritycoffee.institucional.ws\/?post_type=product&#038;p=4488"},"modified":"2026-03-26T13:21:56","modified_gmt":"2026-03-26T16:21:56","slug":"cafe-em-capsulas-10-unidades-intense","status":"publish","type":"product","link":"https:\/\/celebritycoffee.com.br\/en\/product-2\/cafe-em-capsulas-10-unidades-intense\/","title":{"rendered":"Caf\u00e9 Especial em C\u00e1psulas 10 unidades | <b>INTENSE<\/b>"},"content":{"rendered":"<div class=\"marg0\">\n<p><strong>INTENSE<\/strong> \u00e9 um caf\u00e9 especial encorpado de torra m\u00e9dia escura e apresenta notas de caramelo, chocolate e baunilha. Corpo e acidez equilibrada.<\/p>\n<p><strong>Type:<\/strong>\u00a0100% Arabica<br \/>\n<strong>Roast:<\/strong> M\u00e9dia Escura<br \/>\n<strong>Acidity:<\/strong>\u00a0Balanced<br \/>\n<strong>Process:<\/strong>\u00a0Peeled and natural cherry<br \/>\n<strong>Region:<\/strong>\u00a0Amparo, region of the Circuito das \u00c1guas Paulista<br \/>\n<strong>Altitude:<\/strong>\u00a0800 meters<\/p>\n<p>Capsule compatible with your Nespresso\u00ae machine.<br \/>\n*Contains 10 capsules of 5g<\/p>\n<\/div>","protected":false},"excerpt":{"rendered":"<p>INTENSE \u00e9 um caf\u00e9 especial encorpado de torra m\u00e9dia escura e apresenta notas de caramelo, chocolate e baunilha. Corpo e acidez equilibrada. Tipo:\u00a0100% Ar\u00e1bica Torra: M\u00e9dia Escura Acidez:\u00a0Equilibrada Processo:\u00a0Cereja descascado e natural Regi\u00e3o:\u00a0Amparo, regi\u00e3o do Circuito das \u00c1guas Paulista Altitude:\u00a0800 metros C\u00e1psula compat\u00edvel com sua m\u00e1quina Nespresso\u00ae. *Cont\u00e9m 10 capsulas de 5g<\/p>","protected":false},"featured_media":9688,"comment_status":"open","ping_status":"closed","template":"","meta":{"_acf_changed":false},"product_brand":[],"product_cat":[61,17,57,40],"product_tag":[],"class_list":{"0":"post-4488","1":"product","2":"type-product","3":"status-publish","4":"has-post-thumbnail","6":"product_cat-cafe-em-capsula","7":"product_cat-cafe-torrado","8":"product_cat-cafes","9":"product_cat-nossa-loja-home","11":"first","12":"instock","13":"featured","14":"taxable","15":"shipping-taxable","16":"purchasable","17":"product-type-simple"},"acf":[],"_links":{"self":[{"href":"https:\/\/celebritycoffee.com.br\/en\/wp-json\/wp\/v2\/product\/4488","targetHints":{"allow":["GET"]}}],"collection":[{"href":"https:\/\/celebritycoffee.com.br\/en\/wp-json\/wp\/v2\/product"}],"about":[{"href":"https:\/\/celebritycoffee.com.br\/en\/wp-json\/wp\/v2\/types\/product"}],"replies":[{"embeddable":true,"href":"https:\/\/celebritycoffee.com.br\/en\/wp-json\/wp\/v2\/comments?post=4488"}],"wp:featuredmedia":[{"embeddable":true,"href":"https:\/\/celebritycoffee.com.br\/en\/wp-json\/wp\/v2\/media\/9688"}],"wp:attachment":[{"href":"https:\/\/celebritycoffee.com.br\/en\/wp-json\/wp\/v2\/media?parent=4488"}],"wp:term":[{"taxonomy":"product_brand","embeddable":true,"href":"https:\/\/celebritycoffee.com.br\/en\/wp-json\/wp\/v2\/product_brand?post=4488"},{"taxonomy":"product_cat","embeddable":true,"href":"https:\/\/celebritycoffee.com.br\/en\/wp-json\/wp\/v2\/product_cat?post=4488"},{"taxonomy":"product_tag","embeddable":true,"href":"https:\/\/celebritycoffee.com.br\/en\/wp-json\/wp\/v2\/product_tag?post=4488"}],"curies":[{"name":"wp","href":"https:\/\/api.w.org\/{rel}","templated":true}]}}