{"id":4475,"date":"2019-11-13T00:43:36","date_gmt":"2019-11-13T03:43:36","guid":{"rendered":"http:\/\/celebritycoffee.institucional.ws\/?post_type=product&#038;p=4475"},"modified":"2026-03-26T16:32:38","modified_gmt":"2026-03-26T19:32:38","slug":"cafe-em-capsulas-10-unidades-decaffeinated","status":"publish","type":"product","link":"https:\/\/celebritycoffee.com.br\/en\/product-2\/cafe-em-capsulas-10-unidades-decaffeinated\/","title":{"rendered":"Caf\u00e9 Especial em C\u00e1psulas 10 unidades | <b>DECAFFEINATED<\/b>"},"content":{"rendered":"<div class=\"marg0\">\n<p><strong>DECAFFEINATED<\/strong> \u00e9 um caf\u00e9 especial encorpado, de baixa acidez. Processo de descafeina\u00e7\u00e3o pelo m\u00e9todo Mountain Water a base de \u00e1gua e livre de elementos qu\u00edmicos.<\/p>\n<p><strong>Tipo<\/strong>:\u00a0100% Ar\u00e1bica<br \/>\n<strong>Torra<\/strong>:\u00a0M\u00e9dia<br \/>\n<strong>Acidez<\/strong>:\u00a0Equilibrada<br \/>\n<strong>Processo<\/strong>:\u00a0Cereja descascado e natural<br \/>\n<strong>Altitude<\/strong>: 860m<\/p>\n<p>Capsule compatible with your Nespresso\u00ae machine.<br \/>\n*Contains 10 capsules of 5g<\/p>\n<\/div>","protected":false},"excerpt":{"rendered":"<p>DECAFFEINATED \u00e9 um caf\u00e9 especial encorpado, de baixa acidez. Processo de descafeina\u00e7\u00e3o pelo m\u00e9todo Mountain Water a base de \u00e1gua e livre de elementos qu\u00edmicos. Tipo:\u00a0100% Ar\u00e1bica Torra:\u00a0M\u00e9dia Acidez:\u00a0Equilibrada Processo:\u00a0Cereja descascado e natural Altitude: 860m C\u00e1psula compat\u00edvel com sua m\u00e1quina Nespresso\u00ae. *Cont\u00e9m 10 capsulas de 5g<\/p>","protected":false},"featured_media":9643,"comment_status":"open","ping_status":"closed","template":"","meta":{"_acf_changed":false},"product_brand":[],"product_cat":[62,61,17,57,40,35],"product_tag":[],"class_list":{"0":"post-4475","1":"product","2":"type-product","3":"status-publish","4":"has-post-thumbnail","6":"product_cat-cafe-descafeinado","7":"product_cat-cafe-em-capsula","8":"product_cat-cafe-torrado","9":"product_cat-cafes","10":"product_cat-nossa-loja-home","11":"product_cat-novos","13":"first","14":"instock","15":"featured","16":"taxable","17":"shipping-taxable","18":"purchasable","19":"product-type-simple"},"acf":[],"_links":{"self":[{"href":"https:\/\/celebritycoffee.com.br\/en\/wp-json\/wp\/v2\/product\/4475","targetHints":{"allow":["GET"]}}],"collection":[{"href":"https:\/\/celebritycoffee.com.br\/en\/wp-json\/wp\/v2\/product"}],"about":[{"href":"https:\/\/celebritycoffee.com.br\/en\/wp-json\/wp\/v2\/types\/product"}],"replies":[{"embeddable":true,"href":"https:\/\/celebritycoffee.com.br\/en\/wp-json\/wp\/v2\/comments?post=4475"}],"wp:featuredmedia":[{"embeddable":true,"href":"https:\/\/celebritycoffee.com.br\/en\/wp-json\/wp\/v2\/media\/9643"}],"wp:attachment":[{"href":"https:\/\/celebritycoffee.com.br\/en\/wp-json\/wp\/v2\/media?parent=4475"}],"wp:term":[{"taxonomy":"product_brand","embeddable":true,"href":"https:\/\/celebritycoffee.com.br\/en\/wp-json\/wp\/v2\/product_brand?post=4475"},{"taxonomy":"product_cat","embeddable":true,"href":"https:\/\/celebritycoffee.com.br\/en\/wp-json\/wp\/v2\/product_cat?post=4475"},{"taxonomy":"product_tag","embeddable":true,"href":"https:\/\/celebritycoffee.com.br\/en\/wp-json\/wp\/v2\/product_tag?post=4475"}],"curies":[{"name":"wp","href":"https:\/\/api.w.org\/{rel}","templated":true}]}}