{"id":4474,"date":"2019-11-14T00:38:40","date_gmt":"2019-11-14T03:38:40","guid":{"rendered":"http:\/\/celebritycoffee.institucional.ws\/?post_type=product&#038;p=4474"},"modified":"2026-04-02T14:29:36","modified_gmt":"2026-04-02T17:29:36","slug":"touca","status":"publish","type":"product","link":"https:\/\/celebritycoffee.com.br\/en\/product-2\/touca\/","title":{"rendered":"Celebrity Coffee Cap Wool Hat"},"content":{"rendered":"<div class=\"marg01\">Touca gorro de l\u00e3 Celebrity Coffee com pompom. L\u00e3 acr\u00edlica e pompom de pelo sint\u00e9tico. Tamanho \u00fanico.<\/div>","protected":false},"excerpt":{"rendered":"<p>Touca gorro de l\u00e3 Celebrity Coffee com pompom. L\u00e3 acr\u00edlica e pompom de pelo sint\u00e9tico. Tamanho \u00fanico.<\/p>","protected":false},"featured_media":7998,"comment_status":"open","ping_status":"closed","template":"","meta":{"_acf_changed":false},"product_brand":[],"product_cat":[60,38],"product_tag":[],"class_list":{"0":"post-4474","1":"product","2":"type-product","3":"status-publish","4":"has-post-thumbnail","6":"product_cat-acessorios","7":"product_cat-presentes","9":"first","10":"instock","11":"taxable","12":"shipping-taxable","13":"purchasable","14":"product-type-simple"},"acf":[],"_links":{"self":[{"href":"https:\/\/celebritycoffee.com.br\/en\/wp-json\/wp\/v2\/product\/4474","targetHints":{"allow":["GET"]}}],"collection":[{"href":"https:\/\/celebritycoffee.com.br\/en\/wp-json\/wp\/v2\/product"}],"about":[{"href":"https:\/\/celebritycoffee.com.br\/en\/wp-json\/wp\/v2\/types\/product"}],"replies":[{"embeddable":true,"href":"https:\/\/celebritycoffee.com.br\/en\/wp-json\/wp\/v2\/comments?post=4474"}],"wp:featuredmedia":[{"embeddable":true,"href":"https:\/\/celebritycoffee.com.br\/en\/wp-json\/wp\/v2\/media\/7998"}],"wp:attachment":[{"href":"https:\/\/celebritycoffee.com.br\/en\/wp-json\/wp\/v2\/media?parent=4474"}],"wp:term":[{"taxonomy":"product_brand","embeddable":true,"href":"https:\/\/celebritycoffee.com.br\/en\/wp-json\/wp\/v2\/product_brand?post=4474"},{"taxonomy":"product_cat","embeddable":true,"href":"https:\/\/celebritycoffee.com.br\/en\/wp-json\/wp\/v2\/product_cat?post=4474"},{"taxonomy":"product_tag","embeddable":true,"href":"https:\/\/celebritycoffee.com.br\/en\/wp-json\/wp\/v2\/product_tag?post=4474"}],"curies":[{"name":"wp","href":"https:\/\/api.w.org\/{rel}","templated":true}]}}