{"id":10330,"date":"2026-03-26T08:45:29","date_gmt":"2026-03-26T11:45:29","guid":{"rendered":"https:\/\/celebritycoffee.com.br\/?post_type=product&#038;p=10330"},"modified":"2026-03-26T11:03:51","modified_gmt":"2026-03-26T14:03:51","slug":"intense-cafe-especial-torrado-e-moido-250g-graos-de-cafe-com-chocolate-120g","status":"publish","type":"product","link":"https:\/\/celebritycoffee.com.br\/en\/product-2\/intense-cafe-especial-torrado-e-moido-250g-graos-de-cafe-com-chocolate-120g\/","title":{"rendered":"Caf\u00e9 Especial Torrado e Mo\u00eddo 250g <b>INTENSE<\/b> + Gr\u00e3os de Caf\u00e9 com Chocolate 120g"},"content":{"rendered":"<p><strong>INTENSE<\/strong> \u00e9 um caf\u00e9 especial encorpado de torra m\u00e9dia escura e apresenta notas de caramelo, chocolate e baunilha. Corpo e acidez equilibrada.<\/p>\n<p><strong>Type:<\/strong>\u00a0100% Arabica<br \/>\n<strong>Roast:<\/strong> M\u00e9dia Escura<br \/>\n<strong>Acidity:<\/strong>\u00a0Balanced<br \/>\n<strong>Process:<\/strong>\u00a0Peeled and natural cherry<br \/>\n<strong>Region:<\/strong>\u00a0Amparo, region of the Circuito das \u00c1guas Paulista<br \/>\n<strong>Altitude:<\/strong>\u00a0800 meters<\/p>\n<div class=\"marg0\">\n<p>\u2795<\/p>\n<p style=\"font-weight: 400\"><strong>Gr\u00e3os de Caf\u00e9 Especial<\/strong> 100% Ar\u00e1bica, cuidadosamente selecionados, torrados e cobertos por uma deliciosa mistura de chocolate ao leite e amargo. O sabor natural do gr\u00e3o torrado harmoniza com a suavidade do chocolate resultando em uma combina\u00e7\u00e3o perfeita! Uma experi\u00eancia \u00fanica para os apaixonados por caf\u00e9 e chocolate.<\/p>\n<p>Two passions in one Celebrity Coffee product.<\/p>\n<\/div>\n<p><strong>Peso por unidade<\/strong>: 120g<\/p>\n<p>*Cont\u00e9m gl\u00faten, cont\u00e9m lactose. Al\u00e9rgicos: Cont\u00e9m derivados de leite e soja. Pode conter am\u00eandoa, amendoim, avel\u00e3, castanha de caju, castanha do Par\u00e1, nozes, pistache e derivados de trigo.<\/p>","protected":false},"excerpt":{"rendered":"<p>INTENSE \u00e9 um caf\u00e9 especial encorpado de torra m\u00e9dia escura e apresenta notas de caramelo, chocolate e baunilha. Corpo e acidez equilibrada. Tipo:\u00a0100% Ar\u00e1bica Torra: M\u00e9dia Escura Acidez:\u00a0Equilibrada Processo:\u00a0Cereja descascado e natural Regi\u00e3o:\u00a0Amparo, regi\u00e3o do Circuito das \u00c1guas Paulista Altitude:\u00a0800 metros \u2795 Gr\u00e3os de Caf\u00e9 Especial 100% Ar\u00e1bica, cuidadosamente selecionados, torrados e cobertos por uma [&hellip;]<\/p>\n","protected":false},"featured_media":10331,"comment_status":"open","ping_status":"closed","template":"","meta":{"_acf_changed":false},"product_brand":[],"product_cat":[58,17,57,18,51,54,19,38],"product_tag":[],"class_list":{"0":"post-10330","1":"product","2":"type-product","3":"status-publish","4":"has-post-thumbnail","6":"product_cat-cafe-moido","7":"product_cat-cafe-torrado","8":"product_cat-cafes","9":"product_cat-combo","10":"product_cat-combo-en","11":"product_cat-kits-en","12":"product_cat-kits","13":"product_cat-presentes","15":"first","16":"instock","17":"taxable","18":"shipping-taxable","19":"purchasable","20":"product-type-simple"},"acf":[],"_links":{"self":[{"href":"https:\/\/celebritycoffee.com.br\/en\/wp-json\/wp\/v2\/product\/10330","targetHints":{"allow":["GET"]}}],"collection":[{"href":"https:\/\/celebritycoffee.com.br\/en\/wp-json\/wp\/v2\/product"}],"about":[{"href":"https:\/\/celebritycoffee.com.br\/en\/wp-json\/wp\/v2\/types\/product"}],"replies":[{"embeddable":true,"href":"https:\/\/celebritycoffee.com.br\/en\/wp-json\/wp\/v2\/comments?post=10330"}],"wp:featuredmedia":[{"embeddable":true,"href":"https:\/\/celebritycoffee.com.br\/en\/wp-json\/wp\/v2\/media\/10331"}],"wp:attachment":[{"href":"https:\/\/celebritycoffee.com.br\/en\/wp-json\/wp\/v2\/media?parent=10330"}],"wp:term":[{"taxonomy":"product_brand","embeddable":true,"href":"https:\/\/celebritycoffee.com.br\/en\/wp-json\/wp\/v2\/product_brand?post=10330"},{"taxonomy":"product_cat","embeddable":true,"href":"https:\/\/celebritycoffee.com.br\/en\/wp-json\/wp\/v2\/product_cat?post=10330"},{"taxonomy":"product_tag","embeddable":true,"href":"https:\/\/celebritycoffee.com.br\/en\/wp-json\/wp\/v2\/product_tag?post=10330"}],"curies":[{"name":"wp","href":"https:\/\/api.w.org\/{rel}","templated":true}]}}