{"id":10322,"date":"2026-03-25T16:51:03","date_gmt":"2026-03-25T19:51:03","guid":{"rendered":"https:\/\/celebritycoffee.com.br\/?post_type=product&#038;p=10322"},"modified":"2026-03-26T11:04:19","modified_gmt":"2026-03-26T14:04:19","slug":"classic-cafe-especial-torrado-em-graos-250g-graos-de-cafe-com-chocolate-120g","status":"publish","type":"product","link":"https:\/\/celebritycoffee.com.br\/en\/product-2\/classic-cafe-especial-torrado-em-graos-250g-graos-de-cafe-com-chocolate-120g\/","title":{"rendered":"Caf\u00e9 Especial Torrado em Gr\u00e3os 250g <b>CLASSIC<\/b>+ Gr\u00e3os de Caf\u00e9 com Chocolate 120g"},"content":{"rendered":"<div class=\"marg0\">\n<p><strong>CLASSIC<\/strong> \u00e9 um caf\u00e9 especial equilibrado, com notas de caramelo, chocolate e baunilha. Corpo e acidez equilibrada e sabor persistente.<\/p>\n<p><strong>Tipo<\/strong>: 100% Ar\u00e1bica<br \/>\n<strong>Torra<\/strong>: M\u00e9dia<br \/>\n<strong>Acidez<\/strong>: Equilibrada<br \/>\n<strong>Processo<\/strong>: Cereja descascado e natural<br \/>\n<strong>Regi\u00e3o<\/strong>: Amparo, regi\u00e3o do Circuito das \u00c1guas Paulista<br \/>\n<strong>Altitude<\/strong>:\u00a0800 metros<\/p>\n<p>\u2795<\/p>\n<p style=\"font-weight: 400\"><strong>Gr\u00e3os de Caf\u00e9 Especial<\/strong> 100% Ar\u00e1bica, cuidadosamente selecionados, torrados e cobertos por uma deliciosa mistura de chocolate ao leite e amargo. O sabor natural do gr\u00e3o torrado harmoniza com a suavidade do chocolate resultando em uma combina\u00e7\u00e3o perfeita! Uma experi\u00eancia \u00fanica para os apaixonados por caf\u00e9 e chocolate.<\/p>\n<p>Two passions in one Celebrity Coffee product.<\/p>\n<\/div>\n<p><strong>Peso por unidade<\/strong>: 120g<\/p>\n<p>*Cont\u00e9m gl\u00faten, cont\u00e9m lactose. Al\u00e9rgicos: Cont\u00e9m derivados de leite e soja. Pode conter am\u00eandoa, amendoim, avel\u00e3, castanha de caju, castanha do Par\u00e1, nozes, pistache e derivados de trigo.<\/p>","protected":false},"excerpt":{"rendered":"<p>CLASSIC \u00e9 um caf\u00e9 especial equilibrado, com notas de caramelo, chocolate e baunilha. Corpo e acidez equilibrada e sabor persistente. Tipo: 100% Ar\u00e1bica Torra: M\u00e9dia Acidez: Equilibrada Processo: Cereja descascado e natural Regi\u00e3o: Amparo, regi\u00e3o do Circuito das \u00c1guas Paulista Altitude:\u00a0800 metros \u2795 Gr\u00e3os de Caf\u00e9 Especial 100% Ar\u00e1bica, cuidadosamente selecionados, torrados e cobertos por [&hellip;]<\/p>\n","protected":false},"featured_media":10323,"comment_status":"open","ping_status":"closed","template":"","meta":{"_acf_changed":false},"product_brand":[],"product_cat":[59,17,57,18,51,54,19,38],"product_tag":[],"class_list":{"0":"post-10322","1":"product","2":"type-product","3":"status-publish","4":"has-post-thumbnail","6":"product_cat-cafe-em-graos","7":"product_cat-cafe-torrado","8":"product_cat-cafes","9":"product_cat-combo","10":"product_cat-combo-en","11":"product_cat-kits-en","12":"product_cat-kits","13":"product_cat-presentes","15":"first","16":"instock","17":"taxable","18":"shipping-taxable","19":"purchasable","20":"product-type-simple"},"acf":[],"_links":{"self":[{"href":"https:\/\/celebritycoffee.com.br\/en\/wp-json\/wp\/v2\/product\/10322","targetHints":{"allow":["GET"]}}],"collection":[{"href":"https:\/\/celebritycoffee.com.br\/en\/wp-json\/wp\/v2\/product"}],"about":[{"href":"https:\/\/celebritycoffee.com.br\/en\/wp-json\/wp\/v2\/types\/product"}],"replies":[{"embeddable":true,"href":"https:\/\/celebritycoffee.com.br\/en\/wp-json\/wp\/v2\/comments?post=10322"}],"wp:featuredmedia":[{"embeddable":true,"href":"https:\/\/celebritycoffee.com.br\/en\/wp-json\/wp\/v2\/media\/10323"}],"wp:attachment":[{"href":"https:\/\/celebritycoffee.com.br\/en\/wp-json\/wp\/v2\/media?parent=10322"}],"wp:term":[{"taxonomy":"product_brand","embeddable":true,"href":"https:\/\/celebritycoffee.com.br\/en\/wp-json\/wp\/v2\/product_brand?post=10322"},{"taxonomy":"product_cat","embeddable":true,"href":"https:\/\/celebritycoffee.com.br\/en\/wp-json\/wp\/v2\/product_cat?post=10322"},{"taxonomy":"product_tag","embeddable":true,"href":"https:\/\/celebritycoffee.com.br\/en\/wp-json\/wp\/v2\/product_tag?post=10322"}],"curies":[{"name":"wp","href":"https:\/\/api.w.org\/{rel}","templated":true}]}}