{"id":10303,"date":"2026-03-25T14:22:32","date_gmt":"2026-03-25T17:22:32","guid":{"rendered":"https:\/\/celebritycoffee.com.br\/?post_type=product&#038;p=10303"},"modified":"2026-03-26T07:46:00","modified_gmt":"2026-03-26T10:46:00","slug":"kit-cafe-especial-celebrity-coffee-torrado-em-graos-decaffeinated-06kg","status":"publish","type":"product","link":"https:\/\/celebritycoffee.com.br\/en\/product-2\/kit-cafe-especial-celebrity-coffee-torrado-em-graos-decaffeinated-06kg\/","title":{"rendered":"Kit Caf\u00e9 Especial Celebrity Coffee Torrado em Gr\u00e3os | <b>DECAFFEINATED<\/b> | 06Kg"},"content":{"rendered":"<p><strong>Kit Caf\u00e9 Especial Celebrity Coffee Torrado em Gr\u00e3os Decaffeinated 06 Kg<\/strong><\/p>\n<p><strong>DECAFFEINATED<\/strong> \u00e9 um caf\u00e9 especial encorpado, de baixa acidez. Processo de descafeina\u00e7\u00e3o pelo m\u00e9todo Mountain Water a base de \u00e1gua e livre de elementos qu\u00edmicos.<\/p>\n<p><strong>Tipo<\/strong>:\u00a0100% Ar\u00e1bica<br \/>\n<strong>Torra<\/strong>:\u00a0M\u00e9dia<br \/>\n<strong>Acidez<\/strong>:\u00a0Equilibrada<br \/>\n<strong>Processo<\/strong>: Cereja descascado e natural<br \/>\n<strong>Altitude<\/strong>: 860m<\/p>\n<p>&nbsp;<\/p>","protected":false},"excerpt":{"rendered":"<p>Kit Caf\u00e9 Especial Celebrity Coffee Torrado em Gr\u00e3os Decaffeinated 06 Kg DECAFFEINATED \u00e9 um caf\u00e9 especial encorpado, de baixa acidez. Processo de descafeina\u00e7\u00e3o pelo m\u00e9todo Mountain Water a base de \u00e1gua e livre de elementos qu\u00edmicos. Tipo:\u00a0100% Ar\u00e1bica Torra:\u00a0M\u00e9dia Acidez:\u00a0Equilibrada Processo: Cereja descascado e natural Altitude: 860m &nbsp;<\/p>","protected":false},"featured_media":10304,"comment_status":"open","ping_status":"closed","template":"","meta":{"_acf_changed":false},"product_brand":[],"product_cat":[62,59,17,57,19,54],"product_tag":[],"class_list":{"0":"post-10303","1":"product","2":"type-product","3":"status-publish","4":"has-post-thumbnail","6":"product_cat-cafe-descafeinado","7":"product_cat-cafe-em-graos","8":"product_cat-cafe-torrado","9":"product_cat-cafes","10":"product_cat-kits","11":"product_cat-kits-en","13":"first","14":"instock","15":"taxable","16":"shipping-taxable","17":"purchasable","18":"product-type-simple"},"acf":[],"_links":{"self":[{"href":"https:\/\/celebritycoffee.com.br\/en\/wp-json\/wp\/v2\/product\/10303","targetHints":{"allow":["GET"]}}],"collection":[{"href":"https:\/\/celebritycoffee.com.br\/en\/wp-json\/wp\/v2\/product"}],"about":[{"href":"https:\/\/celebritycoffee.com.br\/en\/wp-json\/wp\/v2\/types\/product"}],"replies":[{"embeddable":true,"href":"https:\/\/celebritycoffee.com.br\/en\/wp-json\/wp\/v2\/comments?post=10303"}],"wp:featuredmedia":[{"embeddable":true,"href":"https:\/\/celebritycoffee.com.br\/en\/wp-json\/wp\/v2\/media\/10304"}],"wp:attachment":[{"href":"https:\/\/celebritycoffee.com.br\/en\/wp-json\/wp\/v2\/media?parent=10303"}],"wp:term":[{"taxonomy":"product_brand","embeddable":true,"href":"https:\/\/celebritycoffee.com.br\/en\/wp-json\/wp\/v2\/product_brand?post=10303"},{"taxonomy":"product_cat","embeddable":true,"href":"https:\/\/celebritycoffee.com.br\/en\/wp-json\/wp\/v2\/product_cat?post=10303"},{"taxonomy":"product_tag","embeddable":true,"href":"https:\/\/celebritycoffee.com.br\/en\/wp-json\/wp\/v2\/product_tag?post=10303"}],"curies":[{"name":"wp","href":"https:\/\/api.w.org\/{rel}","templated":true}]}}