{"id":10280,"date":"2026-03-24T16:55:38","date_gmt":"2026-03-24T19:55:38","guid":{"rendered":"https:\/\/celebritycoffee.com.br\/?post_type=product&#038;p=10280"},"modified":"2026-03-26T07:44:03","modified_gmt":"2026-03-26T10:44:03","slug":"kit-cafe-especial-celebrity-coffee-torrado-e-moido-intense-06kg","status":"publish","type":"product","link":"https:\/\/celebritycoffee.com.br\/en\/product-2\/kit-cafe-especial-celebrity-coffee-torrado-e-moido-intense-06kg\/","title":{"rendered":"Kit Caf\u00e9 Especial Celebrity Coffee Torrado e Mo\u00eddo | <b>INTENSE<\/b> | 06Kg"},"content":{"rendered":"<p><strong>Kit Caf\u00e9 Especial Celebrity Coffee Torrado e Mo\u00eddo Intense 06 Kg<\/strong><\/p>\n<p><strong>INTENSE<\/strong> \u00e9 um caf\u00e9 especial equilibrado, com notas de caramelo, chocolate e baunilha. Corpo e acidez equilibrada e sabor persistente.<\/p>\n<p><strong>Tipo<\/strong>:\u00a0100% Ar\u00e1bica<br \/>\n<strong>Torra<\/strong>: M\u00e9dia Escura<br \/>\n<strong>Acidez<\/strong>:\u00a0Equilibrada<br \/>\n<strong>Processo<\/strong>:\u00a0Cereja descascado e natural<br \/>\n<strong>Regi\u00e3o<\/strong>:\u00a0Amparo, regi\u00e3o do Circuito das \u00c1guas Paulista<br \/>\n<strong>Altitude<\/strong>:\u00a0800 metros<\/p>","protected":false},"excerpt":{"rendered":"<p>Kit Caf\u00e9 Especial Celebrity Coffee Torrado e Mo\u00eddo Intense 06 Kg INTENSE \u00e9 um caf\u00e9 especial equilibrado, com notas de caramelo, chocolate e baunilha. Corpo e acidez equilibrada e sabor persistente. Tipo:\u00a0100% Ar\u00e1bica Torra: M\u00e9dia Escura Acidez:\u00a0Equilibrada Processo:\u00a0Cereja descascado e natural Regi\u00e3o:\u00a0Amparo, regi\u00e3o do Circuito das \u00c1guas Paulista Altitude:\u00a0800 metros<\/p>","protected":false},"featured_media":10283,"comment_status":"open","ping_status":"closed","template":"","meta":{"_acf_changed":false},"product_brand":[],"product_cat":[58,17,57,19,54],"product_tag":[],"class_list":{"0":"post-10280","1":"product","2":"type-product","3":"status-publish","4":"has-post-thumbnail","6":"product_cat-cafe-moido","7":"product_cat-cafe-torrado","8":"product_cat-cafes","9":"product_cat-kits","10":"product_cat-kits-en","12":"first","13":"instock","14":"taxable","15":"shipping-taxable","16":"purchasable","17":"product-type-simple"},"acf":[],"_links":{"self":[{"href":"https:\/\/celebritycoffee.com.br\/en\/wp-json\/wp\/v2\/product\/10280","targetHints":{"allow":["GET"]}}],"collection":[{"href":"https:\/\/celebritycoffee.com.br\/en\/wp-json\/wp\/v2\/product"}],"about":[{"href":"https:\/\/celebritycoffee.com.br\/en\/wp-json\/wp\/v2\/types\/product"}],"replies":[{"embeddable":true,"href":"https:\/\/celebritycoffee.com.br\/en\/wp-json\/wp\/v2\/comments?post=10280"}],"wp:featuredmedia":[{"embeddable":true,"href":"https:\/\/celebritycoffee.com.br\/en\/wp-json\/wp\/v2\/media\/10283"}],"wp:attachment":[{"href":"https:\/\/celebritycoffee.com.br\/en\/wp-json\/wp\/v2\/media?parent=10280"}],"wp:term":[{"taxonomy":"product_brand","embeddable":true,"href":"https:\/\/celebritycoffee.com.br\/en\/wp-json\/wp\/v2\/product_brand?post=10280"},{"taxonomy":"product_cat","embeddable":true,"href":"https:\/\/celebritycoffee.com.br\/en\/wp-json\/wp\/v2\/product_cat?post=10280"},{"taxonomy":"product_tag","embeddable":true,"href":"https:\/\/celebritycoffee.com.br\/en\/wp-json\/wp\/v2\/product_tag?post=10280"}],"curies":[{"name":"wp","href":"https:\/\/api.w.org\/{rel}","templated":true}]}}