{"id":10243,"date":"2026-03-24T13:59:19","date_gmt":"2026-03-24T16:59:19","guid":{"rendered":"https:\/\/celebritycoffee.com.br\/?post_type=product&#038;p=10243"},"modified":"2026-03-24T14:12:59","modified_gmt":"2026-03-24T17:12:59","slug":"cafe-especial-torrado-e-moido-1kg-cafe-especial-torrado-e-moido-250g-intense","status":"publish","type":"product","link":"https:\/\/celebritycoffee.com.br\/en\/product-2\/cafe-especial-torrado-e-moido-1kg-cafe-especial-torrado-e-moido-250g-intense\/","title":{"rendered":"Caf\u00e9 Especial Torrado e Mo\u00eddo 1kg + Caf\u00e9 Especial Torrado e Mo\u00eddo 250g | <b>INTENSE<\/b>"},"content":{"rendered":"<div class=\"marg0\">\n<p><strong>INTENSE<\/strong> \u00e9 um caf\u00e9 especial equilibrado, com notas de caramelo, chocolate e baunilha. Corpo e acidez equilibrada e sabor persistente.<\/p>\n<\/div>\n<p><strong>Type:<\/strong>\u00a0100% Arabica<br \/>\n<strong>Roast:<\/strong> M\u00e9dia Escura<br \/>\n<strong>Acidity:<\/strong>\u00a0Balanced<br \/>\n<strong>Process:<\/strong>\u00a0Peeled and natural cherry<br \/>\n<strong>Region:<\/strong>\u00a0Amparo, region of the Circuito das \u00c1guas Paulista<br \/>\n<strong>Altitude:<\/strong> 800 meters<\/p>","protected":false},"excerpt":{"rendered":"<p>INTENSE \u00e9 um caf\u00e9 especial equilibrado, com notas de caramelo, chocolate e baunilha. Corpo e acidez equilibrada e sabor persistente. Tipo:\u00a0100% Ar\u00e1bica Torra: M\u00e9dia Escura Acidez:\u00a0Equilibrada Processo:\u00a0Cereja descascado e natural Regi\u00e3o:\u00a0Amparo, regi\u00e3o do Circuito das \u00c1guas Paulista Altitude: 800 metros<\/p>","protected":false},"featured_media":10244,"comment_status":"open","ping_status":"closed","template":"","meta":{"_acf_changed":false},"product_brand":[],"product_cat":[58,17,57,18,51,19,54],"product_tag":[],"class_list":{"0":"post-10243","1":"product","2":"type-product","3":"status-publish","4":"has-post-thumbnail","6":"product_cat-cafe-moido","7":"product_cat-cafe-torrado","8":"product_cat-cafes","9":"product_cat-combo","10":"product_cat-combo-en","11":"product_cat-kits","12":"product_cat-kits-en","14":"first","15":"instock","16":"taxable","17":"shipping-taxable","18":"purchasable","19":"product-type-simple"},"acf":[],"_links":{"self":[{"href":"https:\/\/celebritycoffee.com.br\/en\/wp-json\/wp\/v2\/product\/10243","targetHints":{"allow":["GET"]}}],"collection":[{"href":"https:\/\/celebritycoffee.com.br\/en\/wp-json\/wp\/v2\/product"}],"about":[{"href":"https:\/\/celebritycoffee.com.br\/en\/wp-json\/wp\/v2\/types\/product"}],"replies":[{"embeddable":true,"href":"https:\/\/celebritycoffee.com.br\/en\/wp-json\/wp\/v2\/comments?post=10243"}],"wp:featuredmedia":[{"embeddable":true,"href":"https:\/\/celebritycoffee.com.br\/en\/wp-json\/wp\/v2\/media\/10244"}],"wp:attachment":[{"href":"https:\/\/celebritycoffee.com.br\/en\/wp-json\/wp\/v2\/media?parent=10243"}],"wp:term":[{"taxonomy":"product_brand","embeddable":true,"href":"https:\/\/celebritycoffee.com.br\/en\/wp-json\/wp\/v2\/product_brand?post=10243"},{"taxonomy":"product_cat","embeddable":true,"href":"https:\/\/celebritycoffee.com.br\/en\/wp-json\/wp\/v2\/product_cat?post=10243"},{"taxonomy":"product_tag","embeddable":true,"href":"https:\/\/celebritycoffee.com.br\/en\/wp-json\/wp\/v2\/product_tag?post=10243"}],"curies":[{"name":"wp","href":"https:\/\/api.w.org\/{rel}","templated":true}]}}