{"id":10222,"date":"2026-03-24T10:49:33","date_gmt":"2026-03-24T13:49:33","guid":{"rendered":"https:\/\/celebritycoffee.com.br\/?post_type=product&#038;p=10222"},"modified":"2026-03-25T16:31:56","modified_gmt":"2026-03-25T19:31:56","slug":"cafe-especial-torrado-em-graos-1kg-cafe-especial-torrado-e-moido-250g-cafe-especial-em-capsulas-10-unidades-classic","status":"publish","type":"product","link":"https:\/\/celebritycoffee.com.br\/en\/product-2\/cafe-especial-torrado-em-graos-1kg-cafe-especial-torrado-e-moido-250g-cafe-especial-em-capsulas-10-unidades-classic\/","title":{"rendered":"Caf\u00e9 Especial Torrado em Gr\u00e3os 1kg + Caf\u00e9 Especial Torrado e Mo\u00eddo 250g + Caf\u00e9 Especial em c\u00e1psulas 10 unidades | <b>CLASSIC<\/b>"},"content":{"rendered":"<div class=\"marg0\">\n<p><strong>CLASSIC<\/strong> \u00e9 um caf\u00e9 especial equilibrado, com notas de caramelo, chocolate e baunilha. Corpo e acidez equilibrada e sabor persistente.<\/p>\n<\/div>\n<p><strong>Type:<\/strong>\u00a0100% Arabica<br \/>\n<strong>Roast:<\/strong>\u00a0Average<br \/>\n<strong>Acidity:<\/strong>\u00a0Balanced<br \/>\n<strong>Process:<\/strong>\u00a0Peeled and natural cherry<br \/>\n<strong>Region:<\/strong>\u00a0Amparo, region of the Circuito das \u00c1guas Paulista<br \/>\n<strong>Altitude:<\/strong>\u00a0800 meters<\/p>\n<div class=\"marg0\">\n<p>Capsule compatible with your Nespresso\u00ae machine.<br \/>\n*Contains 10 capsules of 5g<\/p>\n<\/div>","protected":false},"excerpt":{"rendered":"<p>CLASSIC \u00e9 um caf\u00e9 especial equilibrado, com notas de caramelo, chocolate e baunilha. Corpo e acidez equilibrada e sabor persistente. Tipo:\u00a0100% Ar\u00e1bica Torra:\u00a0M\u00e9dia Acidez:\u00a0Equilibrada Processo:\u00a0Cereja descascado e natural Regi\u00e3o:\u00a0Amparo, regi\u00e3o do Circuito das \u00c1guas Paulista Altitude:\u00a0800 metros C\u00e1psula compat\u00edvel com sua m\u00e1quina Nespresso\u00ae. *Cont\u00e9m 10 capsulas de 5g<\/p>","protected":false},"featured_media":10223,"comment_status":"open","ping_status":"closed","template":"","meta":{"_acf_changed":false},"product_brand":[],"product_cat":[61,59,58,17,57,51,18,54,19],"product_tag":[],"class_list":{"0":"post-10222","1":"product","2":"type-product","3":"status-publish","4":"has-post-thumbnail","6":"product_cat-cafe-em-capsula","7":"product_cat-cafe-em-graos","8":"product_cat-cafe-moido","9":"product_cat-cafe-torrado","10":"product_cat-cafes","11":"product_cat-combo-en","12":"product_cat-combo","13":"product_cat-kits-en","14":"product_cat-kits","16":"first","17":"instock","18":"taxable","19":"shipping-taxable","20":"purchasable","21":"product-type-simple"},"acf":[],"_links":{"self":[{"href":"https:\/\/celebritycoffee.com.br\/en\/wp-json\/wp\/v2\/product\/10222","targetHints":{"allow":["GET"]}}],"collection":[{"href":"https:\/\/celebritycoffee.com.br\/en\/wp-json\/wp\/v2\/product"}],"about":[{"href":"https:\/\/celebritycoffee.com.br\/en\/wp-json\/wp\/v2\/types\/product"}],"replies":[{"embeddable":true,"href":"https:\/\/celebritycoffee.com.br\/en\/wp-json\/wp\/v2\/comments?post=10222"}],"wp:featuredmedia":[{"embeddable":true,"href":"https:\/\/celebritycoffee.com.br\/en\/wp-json\/wp\/v2\/media\/10223"}],"wp:attachment":[{"href":"https:\/\/celebritycoffee.com.br\/en\/wp-json\/wp\/v2\/media?parent=10222"}],"wp:term":[{"taxonomy":"product_brand","embeddable":true,"href":"https:\/\/celebritycoffee.com.br\/en\/wp-json\/wp\/v2\/product_brand?post=10222"},{"taxonomy":"product_cat","embeddable":true,"href":"https:\/\/celebritycoffee.com.br\/en\/wp-json\/wp\/v2\/product_cat?post=10222"},{"taxonomy":"product_tag","embeddable":true,"href":"https:\/\/celebritycoffee.com.br\/en\/wp-json\/wp\/v2\/product_tag?post=10222"}],"curies":[{"name":"wp","href":"https:\/\/api.w.org\/{rel}","templated":true}]}}